{"id":1447,"date":"2021-07-05T06:31:01","date_gmt":"2021-07-05T06:31:01","guid":{"rendered":"http:\/\/sw-themes.com\/porto_dummy\/?page_id=1447"},"modified":"2026-03-24T17:09:36","modified_gmt":"2026-03-24T20:09:36","slug":"fale-conosco","status":"publish","type":"page","link":"https:\/\/p3.rvinfo.com.br\/en\/fale-conosco\/","title":{"rendered":"Fale Conosco"},"content":{"rendered":"\t\t<div data-elementor-type=\"wp-page\" data-elementor-id=\"1447\" class=\"elementor elementor-1447\" data-elementor-post-type=\"page\">\n\t\t\t\t\t\t<section class=\"elementor-section elementor-top-section elementor-element elementor-element-f034c01 py-4 elementor-section-content-middle elementor-section-boxed elementor-section-height-default elementor-section-height-default\" data-id=\"f034c01\" data-element_type=\"section\" data-e-type=\"section\" data-settings=\"{&quot;background_background&quot;:&quot;classic&quot;}\">\r\n\t\t\r\n\t\t\t\t\t\t\t<div class=\"elementor-container elementor-column-gap-default\">\r\n\t\t\t\t\t\t\t\t\t\t\t<div class=\"elementor-column elementor-col-50 elementor-top-column elementor-element elementor-element-956d630\" data-id=\"956d630\" data-element_type=\"column\" data-e-type=\"column\">\r\n\t\t\t\t\t<div class=\"elementor-widget-wrap elementor-element-populated\">\r\n\t\t\t\t\t\t\t\t<div class=\"elementor-element elementor-element-daa8f97 elementor-widget elementor-widget-porto_ultimate_heading\" data-id=\"daa8f97\" data-element_type=\"widget\" data-e-type=\"widget\" data-widget_type=\"porto_ultimate_heading.default\">\n\t\t\t\t<div class=\"elementor-widget-container\">\n\t\t\t\t\t<div class=\"porto-u-heading  porto-u-7cde7bb859728a21207628191890e260\"><div class=\"porto-u-main-heading\"><h2   >Fale Conosco<\/h2><\/div><div class=\"porto-u-sub-heading\" style=\"\"><p>Precisa de ajuda ou quer mais informa\u00e7\u00f5es? Envie sua mensagem!<\/p><\/div><style>.porto-u-7cde7bb859728a21207628191890e260.porto-u-heading{text-align:left}<\/style><\/div>\t\t\t\t<\/div>\n\t\t\t\t<\/div>\n\t\t\t\t<div class=\"elementor-element elementor-element-ffcd6a3 elementor-button-align-stretch elementor-widget elementor-widget-form\" data-id=\"ffcd6a3\" data-element_type=\"widget\" data-e-type=\"widget\" data-settings=\"{&quot;step_next_label&quot;:&quot;Next&quot;,&quot;step_previous_label&quot;:&quot;Previous&quot;,&quot;step_type&quot;:&quot;none&quot;,&quot;button_width&quot;:&quot;100&quot;,&quot;step_icon_shape&quot;:&quot;circle&quot;}\" data-widget_type=\"form.default\">\n\t\t\t\t<div class=\"elementor-widget-container\">\n\t\t\t\t\t\t\t<form class=\"elementor-form\" method=\"post\" name=\"fale conosco\">\n\t\t\t<input type=\"hidden\" name=\"post_id\" value=\"1447\"\/>\n\t\t\t<input type=\"hidden\" name=\"form_id\" value=\"ffcd6a3\"\/>\n\t\t\t<input type=\"hidden\" name=\"referer_title\" value=\"Fale Conosco\" \/>\n\n\t\t\t\t\t\t\t<input type=\"hidden\" name=\"queried_id\" value=\"1447\"\/>\n\t\t\t\n\t\t\t<div class=\"elementor-form-fields-wrapper elementor-labels-above\">\n\t\t\t\t\t\t\t\t<div class=\"elementor-field-type-text elementor-field-group elementor-column elementor-field-group-name elementor-col-100 elementor-field-required\">\n\t\t\t\t\t\t\t\t\t\t\t\t<label for=\"form-field-name\" class=\"elementor-field-label\">\n\t\t\t\t\t\t\t\tNome\t\t\t\t\t\t\t<\/label>\n\t\t\t\t\t\t\t\t\t\t\t\t\t\t<input size=\"1\" type=\"text\" name=\"form_fields[name]\" id=\"form-field-name\" class=\"elementor-field elementor-size-sm  elementor-field-textual\" placeholder=\"Nome\" required=\"required\">\n\t\t\t\t\t\t\t\t\t\t\t<\/div>\n\t\t\t\t\t\t\t\t<div class=\"elementor-field-type-email elementor-field-group elementor-column elementor-field-group-email elementor-col-100 elementor-field-required\">\n\t\t\t\t\t\t\t\t\t\t\t\t<label for=\"form-field-email\" class=\"elementor-field-label\">\n\t\t\t\t\t\t\t\tEmail\t\t\t\t\t\t\t<\/label>\n\t\t\t\t\t\t\t\t\t\t\t\t\t\t<input size=\"1\" type=\"email\" name=\"form_fields[email]\" id=\"form-field-email\" class=\"elementor-field elementor-size-sm  elementor-field-textual\" placeholder=\"Email\" required=\"required\">\n\t\t\t\t\t\t\t\t\t\t\t<\/div>\n\t\t\t\t\t\t\t\t<div class=\"elementor-field-type-tel elementor-field-group elementor-column elementor-field-group-field_6f4f5b0 elementor-col-100 elementor-field-required\">\n\t\t\t\t\t\t\t\t\t\t\t\t<label for=\"form-field-field_6f4f5b0\" class=\"elementor-field-label\">\n\t\t\t\t\t\t\t\tTelefone\t\t\t\t\t\t\t<\/label>\n\t\t\t\t\t\t\t\t<input size=\"1\" type=\"tel\" name=\"form_fields[field_6f4f5b0]\" id=\"form-field-field_6f4f5b0\" class=\"elementor-field elementor-size-sm  elementor-field-textual\" placeholder=\"Telefone\" required=\"required\" pattern=\"[0-9()#&amp;+*-=.]+\" title=\"Only numbers and phone characters (#, -, *, etc) are accepted.\">\n\n\t\t\t\t\t\t<\/div>\n\t\t\t\t\t\t\t\t<div class=\"elementor-field-type-checkbox elementor-field-group elementor-column elementor-field-group-field_fc61238 elementor-col-100\">\n\t\t\t\t\t\t\t\t\t\t\t\t<label for=\"form-field-field_fc61238\" class=\"elementor-field-label\">\n\t\t\t\t\t\t\t\tAssunto\t\t\t\t\t\t\t<\/label>\n\t\t\t\t\t\t<div class=\"elementor-field-subgroup  \"><span class=\"elementor-field-option\"><input type=\"checkbox\" value=\" Interessado em associar-se\" id=\"form-field-field_fc61238-0\" name=\"form_fields[field_fc61238][]\"> <label for=\"form-field-field_fc61238-0\"> Interessado em associar-se<\/label><\/span><span class=\"elementor-field-option\"><input type=\"checkbox\" value=\" Empresa interessada em vagas de patrocinio\" id=\"form-field-field_fc61238-1\" name=\"form_fields[field_fc61238][]\"> <label for=\"form-field-field_fc61238-1\"> Empresa interessada em vagas de patrocinio<\/label><\/span><span class=\"elementor-field-option\"><input type=\"checkbox\" value=\" Perguntas sobre eventos, cursos e publica\u00e7\u00f5es\" id=\"form-field-field_fc61238-2\" name=\"form_fields[field_fc61238][]\"> <label for=\"form-field-field_fc61238-2\"> Perguntas sobre eventos, cursos e publica\u00e7\u00f5es<\/label><\/span><span class=\"elementor-field-option\"><input type=\"checkbox\" value=\" Rela\u00e7\u00f5es p\u00fablicas, institucionais ou com a m\u00eddia\" id=\"form-field-field_fc61238-3\" name=\"form_fields[field_fc61238][]\"> <label for=\"form-field-field_fc61238-3\"> Rela\u00e7\u00f5es p\u00fablicas, institucionais ou com a m\u00eddia<\/label><\/span><span class=\"elementor-field-option\"><input type=\"checkbox\" value=\" Outras d\u00favidas, coment\u00e1rios ou necessidades\" id=\"form-field-field_fc61238-4\" name=\"form_fields[field_fc61238][]\"> <label for=\"form-field-field_fc61238-4\"> Outras d\u00favidas, coment\u00e1rios ou necessidades<\/label><\/span><\/div>\t\t\t\t<\/div>\n\t\t\t\t\t\t\t\t<div class=\"elementor-field-type-textarea elementor-field-group elementor-column elementor-field-group-message elementor-col-100\">\n\t\t\t\t\t\t\t\t\t\t\t\t<label for=\"form-field-message\" class=\"elementor-field-label\">\n\t\t\t\t\t\t\t\tMensagem\t\t\t\t\t\t\t<\/label>\n\t\t\t\t\t\t<textarea class=\"elementor-field-textual elementor-field  elementor-size-sm\" name=\"form_fields[message]\" id=\"form-field-message\" rows=\"4\" placeholder=\"Mensagem\"><\/textarea>\t\t\t\t<\/div>\n\t\t\t\t\t\t\t\t<div class=\"elementor-field-group elementor-column elementor-field-type-submit elementor-col-100 e-form__buttons\">\n\t\t\t\t\t<button class=\"elementor-button elementor-size-sm\" type=\"submit\">\n\t\t\t\t\t\t<span class=\"elementor-button-content-wrapper\">\n\t\t\t\t\t\t\t\t\t\t\t\t\t\t\t\t\t\t\t\t\t\t<span class=\"elementor-button-text\">Enviar<\/span>\n\t\t\t\t\t\t\t\t\t\t\t\t\t<\/span>\n\t\t\t\t\t<\/button>\n\t\t\t\t<\/div>\n\t\t\t<\/div>\n\t\t<\/form>\n\t\t\t\t\t\t<\/div>\n\t\t\t\t<\/div>\n\t\t\t\t<div class=\"elementor-element elementor-element-d0da8ac elementor-widget elementor-widget-spacer\" data-id=\"d0da8ac\" data-element_type=\"widget\" data-e-type=\"widget\" data-widget_type=\"spacer.default\">\n\t\t\t\t<div class=\"elementor-widget-container\">\n\t\t\t\t\t\t\t<div class=\"elementor-spacer\">\n\t\t\t<div class=\"elementor-spacer-inner\"><\/div>\n\t\t<\/div>\n\t\t\t\t\t\t<\/div>\n\t\t\t\t<\/div>\n\t\t\t\t\t<\/div>\r\n\t\t\t\t<\/div>\r\n\t\t\t\t<div class=\"elementor-column elementor-col-50 elementor-top-column elementor-element elementor-element-b070da0\" data-id=\"b070da0\" data-element_type=\"column\" data-e-type=\"column\">\r\n\t\t\t\t\t<div class=\"elementor-widget-wrap elementor-element-populated\">\r\n\t\t\t\t\t\t\t\t<div class=\"elementor-element elementor-element-469fd97 elementor-widget elementor-widget-spacer\" data-id=\"469fd97\" data-element_type=\"widget\" data-e-type=\"widget\" data-widget_type=\"spacer.default\">\n\t\t\t\t<div class=\"elementor-widget-container\">\n\t\t\t\t\t\t\t<div class=\"elementor-spacer\">\n\t\t\t<div class=\"elementor-spacer-inner\"><\/div>\n\t\t<\/div>\n\t\t\t\t\t\t<\/div>\n\t\t\t\t<\/div>\n\t\t\t\t<div class=\"elementor-element elementor-element-4e57df3 mt-1 mb-1 elementor-widget elementor-widget-heading\" data-id=\"4e57df3\" data-element_type=\"widget\" data-e-type=\"widget\" data-widget_type=\"heading.default\">\n\t\t\t\t<div class=\"elementor-widget-container\">\n\t\t\t\t\t<h2 class=\"elementor-heading-title elementor-size-default\"> <strong class=\"font-weight-extra-bold\">Informa\u00e7\u00f5es<\/strong><\/h2>\t\t\t\t<\/div>\n\t\t\t\t<\/div>\n\t\t\t\t<div class=\"elementor-element elementor-element-ff4985e with-border elementor-align-start elementor-list-item-link-inline elementor-icon-list--layout-traditional elementor-widget elementor-widget-icon-list\" data-id=\"ff4985e\" data-element_type=\"widget\" data-e-type=\"widget\" data-widget_type=\"icon-list.default\">\n\t\t\t\t<div class=\"elementor-widget-container\">\n\t\t\t\t\t\t\t<ul class=\"elementor-icon-list-items\">\n\t\t\t\t\t\t\t<li class=\"elementor-icon-list-item\">\n\t\t\t\t\t\t\t\t\t\t<span class=\"elementor-icon-list-text\"><b class=\"text-dark\">Endere\u00e7o:<\/b> Av. Eng\u00ba Luis Carlos Berrini, 550 - 4\u00ba Andar - Salas 31\/32 - S\u00e3o Paulo - SP  CEP: 04571-000<\/span>\n\t\t\t\t\t\t\t\t\t<\/li>\n\t\t\t\t\t\t\t\t<li class=\"elementor-icon-list-item\">\n\t\t\t\t\t\t\t\t\t\t<span class=\"elementor-icon-list-text\"><b class=\"text-dark\">Telefone:<\/b> +55 11 3468-0110<\/span>\n\t\t\t\t\t\t\t\t\t<\/li>\n\t\t\t\t\t\t\t\t<li class=\"elementor-icon-list-item\">\n\t\t\t\t\t\t\t\t\t\t<span class=\"elementor-icon-list-text\"><b class=\"text-dark\">WhatsApp:<\/b>  +55 11 97664-9282<\/span>\n\t\t\t\t\t\t\t\t\t<\/li>\n\t\t\t\t\t\t\t\t<li class=\"elementor-icon-list-item\">\n\t\t\t\t\t\t\t\t\t\t<span class=\"elementor-icon-list-text\"><b class=\"text-dark\">Email:<\/b> <a href=\"mailto:tma.atende@tmabrasil.org\" class=\"d-inline\">tma.atende@tmabrasil.org<\/a><\/span>\n\t\t\t\t\t\t\t\t\t<\/li>\n\t\t\t\t\t\t<\/ul>\n\t\t\t\t\t\t<\/div>\n\t\t\t\t<\/div>\n\t\t\t\t<div class=\"elementor-element elementor-element-578e37c elementor-widget elementor-widget-image\" data-id=\"578e37c\" data-element_type=\"widget\" data-e-type=\"widget\" data-widget_type=\"image.default\">\n\t\t\t\t<div class=\"elementor-widget-container\">\n\t\t\t\t\t\t\t\t\t\t\t\t\t\t\t<img fetchpriority=\"high\" decoding=\"async\" width=\"1024\" height=\"683\" src=\"https:\/\/p3.rvinfo.com.br\/wp-content\/uploads\/2025\/05\/man-having-videocall-work-1024x683.jpg\" class=\"attachment-large size-large wp-image-4965\" alt=\"\" srcset=\"https:\/\/p3.rvinfo.com.br\/wp-content\/uploads\/2025\/05\/man-having-videocall-work-1024x683.jpg 1024w, https:\/\/p3.rvinfo.com.br\/wp-content\/uploads\/2025\/05\/man-having-videocall-work-768x512.jpg 768w, https:\/\/p3.rvinfo.com.br\/wp-content\/uploads\/2025\/05\/man-having-videocall-work-640x427.jpg 640w, https:\/\/p3.rvinfo.com.br\/wp-content\/uploads\/2025\/05\/man-having-videocall-work-400x267.jpg 400w, https:\/\/p3.rvinfo.com.br\/wp-content\/uploads\/2025\/05\/man-having-videocall-work-367x245.jpg 367w, https:\/\/p3.rvinfo.com.br\/wp-content\/uploads\/2025\/05\/man-having-videocall-work-600x400.jpg 600w\" sizes=\"(max-width: 1024px) 100vw, 1024px\" \/>\t\t\t\t\t\t\t\t\t\t\t\t\t\t\t<\/div>\n\t\t\t\t<\/div>\n\t\t\t\t\t<\/div>\r\n\t\t\t\t<\/div>\r\n\t\t\t\t\t<\/div>\r\n\t\t\t\t<\/section>\r\n\t\t\t\t<section class=\"elementor-section elementor-top-section elementor-element elementor-element-033ca13 elementor-section-boxed elementor-section-height-default elementor-section-height-default\" data-id=\"033ca13\" data-element_type=\"section\" data-e-type=\"section\" data-settings=\"{&quot;background_background&quot;:&quot;classic&quot;}\">\r\n\t\t\r\n\t\t\t\t\t\t\t<div class=\"elementor-container elementor-column-gap-default\">\r\n\t\t\t\t\t\t\t\t\t\t\t<div class=\"elementor-column elementor-col-100 elementor-top-column elementor-element elementor-element-34a9c4b\" data-id=\"34a9c4b\" data-element_type=\"column\" data-e-type=\"column\">\r\n\t\t\t\t\t<div class=\"elementor-widget-wrap\">\r\n\t\t\t\t\t\t\t\t\t<\/div>\r\n\t\t\t\t<\/div>\r\n\t\t\t\t\t<\/div>\r\n\t\t\t\t<\/section>\r\n\t\t\t\t<div class=\"elementor-section elementor-top-section elementor-element elementor-element-57031df home-intro px-gutter elementor-section-boxed elementor-section-height-default elementor-section-height-default\" data-id=\"57031df\" data-element_type=\"section\" data-e-type=\"section\" data-settings=\"{&quot;background_background&quot;:&quot;classic&quot;}\">\r\n\t\t\r\n\t\t\t\t\t\t\t<div class=\"elementor-container elementor-column-gap-no\">\r\n\t\t\t\t\t\t\t\t\t\t\t<div class=\"elementor-column elementor-col-66 elementor-top-column elementor-element elementor-element-7880bdf elementor-invisible\" data-id=\"7880bdf\" data-element_type=\"column\" data-e-type=\"column\" data-settings=\"{&quot;animation&quot;:&quot;fadeInLeft&quot;,&quot;animation_delay&quot;:&quot;200&quot;}\">\r\n\t\t\t\t\t<div class=\"elementor-widget-wrap elementor-element-populated\">\r\n\t\t\t\t\t\t\t\t<div class=\"elementor-element elementor-element-d0befb5 custom-heading elementor-widget elementor-widget-porto_ultimate_heading\" data-id=\"d0befb5\" data-element_type=\"widget\" data-e-type=\"widget\" data-widget_type=\"porto_ultimate_heading.default\">\n\t\t\t\t<div class=\"elementor-widget-container\">\n\t\t\t\t\t<div class=\"porto-u-heading  porto-u-7cde7bb859728a21207628191890e260\"><div class=\"porto-u-main-heading\"><h2    style=\"margin-bottom: 3px;\">Junte-se a nos e torne-se um <font color=\"#FFF\" face=\"Roboto Light, sans-serif\"><span style=\"font-size: 31.36px; font-weight: 400; background: #0088cc; padding: 4px 8px; border-radius: 2px\">Associado<\/span><\/font><\/h2><\/div><style>.porto-u-7cde7bb859728a21207628191890e260.porto-u-heading{text-align:left}<\/style><\/div>\t\t\t\t<\/div>\n\t\t\t\t<\/div>\n\t\t\t\t\t<\/div>\r\n\t\t\t\t<\/div>\r\n\t\t\t\t<div class=\"elementor-column elementor-col-33 elementor-top-column elementor-element elementor-element-6e95400 elementor-invisible\" data-id=\"6e95400\" data-element_type=\"column\" data-e-type=\"column\" data-settings=\"{&quot;animation&quot;:&quot;fadeInRight&quot;,&quot;animation_delay&quot;:&quot;200&quot;}\">\r\n\t\t\t\t\t<div class=\"elementor-widget-wrap elementor-element-populated\">\r\n\t\t\t\t\t\t\t\t<div class=\"elementor-element elementor-element-ac3349e font-weight-semibold elementor-widget__width-auto elementor-widget elementor-widget-porto_button\" data-id=\"ac3349e\" data-element_type=\"widget\" data-e-type=\"widget\" data-widget_type=\"porto_button.default\">\n\t\t\t\t<div class=\"elementor-widget-container\">\n\t\t\t\t\t<a aria-label=\"button\" class=\"btn btn-lg btn-primary\" href=\"https:\/\/p3.rvinfo.com.br\/en\/seja-um-associado\/\"><span >Saiba Mais<\/span><\/a>\t\t\t\t<\/div>\n\t\t\t\t<\/div>\n\t\t\t\t\t<\/div>\r\n\t\t\t\t<\/div>\r\n\t\t\t\t\t<\/div>\r\n\t\t\t\t<\/div>\r\n\t\t\t\t<\/div>\n\t\t","protected":false},"excerpt":{"rendered":"<p>Fale Conosco Precisa de ajuda ou quer mais informa\u00e7\u00f5es? Envie sua mensagem! Informa\u00e7\u00f5es Endere\u00e7o: Av. Eng\u00ba Luis Carlos Berrini, 550 &#8211; 4\u00ba Andar &#8211; Salas 31\/32 &#8211; S\u00e3o Paulo &#8211; [&hellip;]<\/p>\n","protected":false},"author":1,"featured_media":0,"parent":0,"menu_order":0,"comment_status":"closed","ping_status":"closed","template":"","meta":{"_acf_changed":false,"episode_type":"","audio_file":"","podmotor_file_id":"","podmotor_episode_id":"","cover_image":"","cover_image_id":"","duration":"","filesize":"","filesize_raw":"","date_recorded":"","explicit":"","block":"","itunes_episode_number":"","itunes_title":"","itunes_season_number":"","itunes_episode_type":"","footnotes":""},"class_list":["post-1447","page","type-page","status-publish","hentry"],"acf":[],"_links":{"self":[{"href":"https:\/\/p3.rvinfo.com.br\/en\/wp-json\/wp\/v2\/pages\/1447","targetHints":{"allow":["GET"]}}],"collection":[{"href":"https:\/\/p3.rvinfo.com.br\/en\/wp-json\/wp\/v2\/pages"}],"about":[{"href":"https:\/\/p3.rvinfo.com.br\/en\/wp-json\/wp\/v2\/types\/page"}],"author":[{"embeddable":true,"href":"https:\/\/p3.rvinfo.com.br\/en\/wp-json\/wp\/v2\/users\/1"}],"replies":[{"embeddable":true,"href":"https:\/\/p3.rvinfo.com.br\/en\/wp-json\/wp\/v2\/comments?post=1447"}],"version-history":[{"count":107,"href":"https:\/\/p3.rvinfo.com.br\/en\/wp-json\/wp\/v2\/pages\/1447\/revisions"}],"predecessor-version":[{"id":13861,"href":"https:\/\/p3.rvinfo.com.br\/en\/wp-json\/wp\/v2\/pages\/1447\/revisions\/13861"}],"wp:attachment":[{"href":"https:\/\/p3.rvinfo.com.br\/en\/wp-json\/wp\/v2\/media?parent=1447"}],"curies":[{"name":"wp","href":"https:\/\/api.w.org\/{rel}","templated":true}]}}